{"id":2,"date":"2010-10-26T13:26:03","date_gmt":"2010-10-26T03:26:03","guid":{"rendered":"http:\/\/mbrsolution.com\/es\/?page_id=2"},"modified":"2023-11-28T09:02:46","modified_gmt":"2023-11-27T23:02:46","slug":"acerca-de-mi","status":"publish","type":"page","link":"https:\/\/mbrsolution.com\/es\/acerca-de-mi\/","title":{"rendered":"Acerca de mi"},"content":{"rendered":"<p>Me llamo Manuel Ballesta Ruiz. Nac\u00ed en un pueblo peque\u00f1o llamado T\u00e9rmens en Espa\u00f1a. Emigre a Australia con mis padres cuando ten\u00eda 5 a\u00f1os.<\/p>\n<p>Empec\u00e9 a estudiar inform\u00e1tica en 1999 y desde entonces nunca he mirado hacia atr\u00e1s. Me encanta el trabajo de inform\u00e1tica.<\/p>\n<p>Mi estilo de vida es sencilla y humilde. Disfruto de mi tiempo libre con la familia y amigos. Me gusta ir al cine, ver programas por internet, anime, leer art\u00edculos sobre la salud, la vida, jugar juegos en el ordenador y por internet. Tambi\u00e9n tengo inter\u00e9s acerca del universo, la creaci\u00f3n, naturaleza y los animales.<\/p>\n<p>Hace unos a\u00f1os comenc\u00e9 a dise\u00f1ar p\u00e1ginas web y publicar informaci\u00f3n en mi blog. Publicar blogs representa una forma divertida y f\u00e1cil para compartir informaci\u00f3n de cualquier tipo con el mundo a trav\u00e9s de internet. En esta web voy a publicar informaci\u00f3n acerca de actualizaciones de programas inform\u00e1ticos, de WordPress y mucho m\u00e1s.<\/p>\n<p>Bueno eso es todo acerca de m\u00ed. Espero que disfrutes de mi blog.<\/p>\n<p>Que Dios os bendiga.<\/p>\n","protected":false},"excerpt":{"rendered":"<p>Me llamo Manuel Ballesta Ruiz. Nac\u00ed en un pueblo peque\u00f1o llamado T\u00e9rmens en Espa\u00f1a. Emigre a Australia con mis padres cuando ten\u00eda 5 a\u00f1os. Empec\u00e9 a estudiar inform\u00e1tica en 1999 y desde entonces nunca he mirado hacia atr\u00e1s. Me encanta el trabajo de inform\u00e1tica. Mi estilo de vida es sencilla y humilde. Disfruto de mi <a href='https:\/\/mbrsolution.com\/es\/acerca-de-mi\/' class='excerpt-more'>[&#8230;]<\/a><\/p>\n","protected":false},"author":8,"featured_media":0,"parent":0,"menu_order":0,"comment_status":"closed","ping_status":"closed","template":"","meta":{"footnotes":""},"class_list":["post-2","page","type-page","status-publish","hentry","post-seq-1","post-parity-odd","meta-position-corners","fix"],"_links":{"self":[{"href":"https:\/\/mbrsolution.com\/es\/wp-json\/wp\/v2\/pages\/2","targetHints":{"allow":["GET"]}}],"collection":[{"href":"https:\/\/mbrsolution.com\/es\/wp-json\/wp\/v2\/pages"}],"about":[{"href":"https:\/\/mbrsolution.com\/es\/wp-json\/wp\/v2\/types\/page"}],"author":[{"embeddable":true,"href":"https:\/\/mbrsolution.com\/es\/wp-json\/wp\/v2\/users\/8"}],"replies":[{"embeddable":true,"href":"https:\/\/mbrsolution.com\/es\/wp-json\/wp\/v2\/comments?post=2"}],"version-history":[{"count":0,"href":"https:\/\/mbrsolution.com\/es\/wp-json\/wp\/v2\/pages\/2\/revisions"}],"wp:attachment":[{"href":"https:\/\/mbrsolution.com\/es\/wp-json\/wp\/v2\/media?parent=2"}],"curies":[{"name":"wp","href":"https:\/\/api.w.org\/{rel}","templated":true}]}}