{"id":1997,"date":"2017-09-20T16:01:46","date_gmt":"2017-09-20T06:01:46","guid":{"rendered":"http:\/\/mbrsolution.com\/es\/?page_id=1997"},"modified":"2023-04-14T18:14:03","modified_gmt":"2023-04-14T08:14:03","slug":"como-crear-un-blog-en-wordpress","status":"publish","type":"page","link":"https:\/\/mbrsolution.com\/es\/como-crear-un-blog-en-wordpress\/","title":{"rendered":"Como crear un blog en WordPress"},"content":{"rendered":"<p>La siguiente entrada Como crear un blog en WordPress ayuda a los principiantes, as\u00ed como los bloggers avanzados a crear un blog en WordPress.<\/p>\n<p style=\"text-align: center;\"><span style=\"text-decoration: underline;\"><em><strong>Actualizado el: 14 de abril de 2023<\/strong><\/em><\/span><\/p>\n<p><strong><em><span style=\"color: #ff0000;\">Ultimas noticias:<\/span> Corregido un enlace roto.<\/em><\/strong><\/p>\n<p>Foto por\u00a0<em><strong>woodsy<\/strong><\/em>\u00a0de la p\u00e1gina web\u00a0<em><strong>Rgbstock<\/strong><\/em>.<\/p>\n<p><img decoding=\"async\" class=\"aligncenter wp-image-2002 size-full\" src=\"https:\/\/mbrsolution.com\/es\/wp-content\/uploads\/2017\/09\/como-crear-un-blog-en-wordpress.jpg\" sizes=\"(max-width: 314px) 100vw, 314px\" srcset=\"https:\/\/mbrsolution.com\/es\/wp-content\/uploads\/2017\/09\/como-crear-un-blog-en-wordpress.jpg 314w, https:\/\/mbrsolution.com\/es\/wp-content\/uploads\/2017\/09\/como-crear-un-blog-en-wordpress-300x200.jpg 300w\" alt=\"como-crear-un-blog-en-wordpress\" width=\"314\" \/><\/p>\n<p>Puedes leer m\u00e1s sobre la versi\u00f3n actual de WordPress haciendo clic en el siguiente enlace <a href=\"https:\/\/mbrsolution.com\/es\/wordpress\/ultima-version-de-wordpress\/\">\u00daltima versi\u00f3n de WordPress<\/a>.<\/p>\n<p><em><strong><span style=\"color: #ff0000;\">Sugerencia:<\/span> Despu\u00e9s de instalar WordPress y configurar los ajustes de administraci\u00f3n, hay dos plugins que debes instalar de inmediato. Un plugin para crear copias de seguridad y un plugin de seguridad.<\/strong><\/em><\/p>\n<p>Haz clic en <em><strong>Paso 8<\/strong><\/em> del men\u00fa, <em><strong>los mejores plugins para WordPress<\/strong><\/em> y selecciona uno de los plugins de copia de seguridad que incluido en el tutorial. Para la seguridad de tu blog instala el siguiente plugin <a href=\"https:\/\/es.wordpress.org\/plugins\/all-in-one-wp-security-and-firewall\/\" target=\"_blank\" rel=\"noopener noreferrer\">All In One WP Security &amp; Firewall<\/a>.<\/p>\n<p>Este plugin tiene una opci\u00f3n para cambiar el prefijo de la base de datos, WordPress por defecto siempre crea el siguiente prefijo <em><strong>wp_<\/strong><\/em> para la base de datos. Este prefijo de la base de datos es conocido por muchos hackers. Es importante cambiar el prefijo antes de comenzar a publicar en el blog. Esto es muy importante por razones de seguridad. Si tu blog ya est\u00e1 publicado, te sugiero que lo cambies. Recuerda, crea una copia de seguridad de la base de datos antes de realizar cualquier cambio en caso de que algo sucediera.<\/p>\n<p>WordPress en mi opini\u00f3n es el m\u00e1s simple, y potente CMS \u00abContent Management System\u00bb m\u00e1s utilizado como plataforma de blogs en el mercado.<\/p>\n<p>Cuando se trata de SEO y Google realmente necesitas asegurarte de que sigues las directrices de Google o de lo contrario seras penalizado.<\/p>\n<h2 style=\"text-align: center;\">Como crear un blog en WordPress<\/h2>\n<p>En los siguientes tutoriales aprender\u00e1s a c\u00f3mo crear un blog de WordPress siguiendo las instrucciones en cada tutorial de la lista a continuaci\u00f3n. Uno de los factores m\u00e1s importantes para dise\u00f1ar sitios, es la pr\u00e1ctica. Cuantos m\u00e1s blogs crees, m\u00e1s conocimiento conseguir\u00e1s. Cuantas m\u00e1s veces uses WordPress, m\u00e1s pronto llegar\u00e1s a apreciarlo y a conocerlo como yo. La experiencia te dar\u00e1 el conocimiento y la capacidad para desarrollar blogs b\u00e1sicos, complicados e importantes para tus clientes.<\/p>\n<p>Estos son los primeros pasos que vas a dar como aprendiz y estoy seguro que lo disfrutaras. Es por eso que est\u00e1s aqu\u00ed leyendo este tutorial.<\/p>\n<p>El men\u00fa a continuaci\u00f3n contiene una lista enumerada de tutoriales que te ayudaran a crear un blog. Tienes que comenzar por el primer numero y seguir num\u00e9ricamente hasta el final. Estos son los mismos pasos e instrucciones que yo sigo cuando desarrollo un sitio para mis clientes. Tambi\u00e9n lo uso de referencia cuando alguien me hace preguntas acerca de c\u00f3mo crear un sitio.<\/p>\n<p><strong>Lista de como crear un blog en WordPress:<br \/>\n<\/strong><\/p>\n<ol>\n<li><a href=\"https:\/\/mbrsolution.com\/es\/wordpress\/como-elegir-un-nombre-de-dominio\/\">Como elegir un nombre de dominio<\/a><\/li>\n<li><a href=\"https:\/\/mbrsolution.com\/es\/wordpress\/el-mejor-alojamiento-web-para-wordpress\/\">El mejor alojamiento web para WordPress<\/a><\/li>\n<li><a href=\"https:\/\/mbrsolution.com\/es\/wordpress\/instalar-wordpress-usando-cpanel\/\">Como instalar WordPress usando cPanel<\/a><\/li>\n<li><a href=\"https:\/\/mbrsolution.com\/es\/wordpress\/crear-una-copia-seguridad-blog-wordpress\/\">Como crear una copia de seguridad de tu blog<\/a><\/li>\n<li><a href=\"https:\/\/mbrsolution.com\/es\/wordpress\/instalar-un-tema-en-wordpress\/\">Instalar un tema en WordPress<\/a><\/li>\n<li><a href=\"https:\/\/mbrsolution.com\/es\/wordpress\/anadir-categorias-etiquetas-wordpress\/\">A\u00f1adir categor\u00edas y etiquetas<\/a><\/li>\n<li><a href=\"https:\/\/mbrsolution.com\/es\/wordpress\/enlaces-permanentes-correctos-wordpress\/\">Enlaces permanentes correctos de WordPress<\/a><\/li>\n<li><a href=\"https:\/\/mbrsolution.com\/es\/wordpress\/configurar-ajustes-administracion-wordpress\/\">Configurar ajustes de administraci\u00f3n de WordPress<\/a><\/li>\n<li><a href=\"https:\/\/mbrsolution.com\/es\/wordpress\/los-mejores-plugins-para-wordpress\/\">Los mejores plugins para WordPress<\/a><\/li>\n<li><a href=\"https:\/\/mbrsolution.com\/es\/wordpress\/compartir-blog-las-redes-sociales\/\">Compartir tu blog en las redes sociales<\/a><\/li>\n<li><a href=\"https:\/\/mbrsolution.com\/es\/wordpress\/como-conseguir-una-buena-posicion-seo\/\">Como conseguir una buena posici\u00f3n SEO<\/a><\/li>\n<li><a href=\"https:\/\/mbrsolution.com\/es\/wordpress\/como-mejorar-la-seguridad-de-wordpress\/\">Como mejorar la seguridad de WordPress<\/a><\/li>\n<li><a href=\"https:\/\/mbrsolution.com\/es\/wordpress\/como-mejorar-la-velocidad-de-wordpress\/\">Como mejorar la velocidad de WordPress<\/a><\/li>\n<li><a href=\"https:\/\/mbrsolution.com\/es\/wordpress\/los-derechos-del-autor-por-internet\/\">Los derechos del autor por internet<\/a><\/li>\n<li><a href=\"https:\/\/mbrsolution.com\/es\/wordpress\/escribir-articulos-blog-wordpress\/\">Escribir art\u00edculos para tu blog de WordPress<\/a><\/li>\n<li><a href=\"https:\/\/mbrsolution.com\/es\/wordpress\/administrar-tus-sitios-wordpress\/\">Administrar tus sitios de WordPress<\/a><\/li>\n<li><a href=\"https:\/\/mbrsolution.com\/es\/wordpress\/como-mantener-un-blog-de-wordpress\/\">Como mantener un blog<\/a><\/li>\n<\/ol>\n<p style=\"text-align: center;\">===========================================<\/p>\n<p>Haz clic en la siguiente URL <a href=\"https:\/\/mbrsolution.com\/es\/informacion-de-wordpress\/\">informaci\u00f3n de WordPress<\/a> para aprender m\u00e1s acerca de WordPress.<\/p>\n<p>Si tienes alguna pregunta, por favor h\u00e1zmelo saber. Voy a estar actualizando esta entrada, as\u00ed que aseg\u00farate de volver.<\/p>\n<p>Disfruta.<\/p>\n","protected":false},"excerpt":{"rendered":"<p>La siguiente entrada Como crear un blog en WordPress ayuda a los principiantes, as\u00ed como los bloggers avanzados a crear un blog en WordPress. Actualizado el: 14 de abril de 2023 Ultimas noticias: Corregido un enlace roto. Foto por\u00a0woodsy\u00a0de la p\u00e1gina web\u00a0Rgbstock. Puedes leer m\u00e1s sobre la versi\u00f3n actual de WordPress haciendo clic en el <a href='https:\/\/mbrsolution.com\/es\/como-crear-un-blog-en-wordpress\/' class='excerpt-more'>[&#8230;]<\/a><\/p>\n","protected":false},"author":8,"featured_media":0,"parent":0,"menu_order":0,"comment_status":"closed","ping_status":"closed","template":"","meta":{"footnotes":""},"class_list":["post-1997","page","type-page","status-publish","hentry","post-seq-1","post-parity-odd","meta-position-corners","fix"],"_links":{"self":[{"href":"https:\/\/mbrsolution.com\/es\/wp-json\/wp\/v2\/pages\/1997","targetHints":{"allow":["GET"]}}],"collection":[{"href":"https:\/\/mbrsolution.com\/es\/wp-json\/wp\/v2\/pages"}],"about":[{"href":"https:\/\/mbrsolution.com\/es\/wp-json\/wp\/v2\/types\/page"}],"author":[{"embeddable":true,"href":"https:\/\/mbrsolution.com\/es\/wp-json\/wp\/v2\/users\/8"}],"replies":[{"embeddable":true,"href":"https:\/\/mbrsolution.com\/es\/wp-json\/wp\/v2\/comments?post=1997"}],"version-history":[{"count":0,"href":"https:\/\/mbrsolution.com\/es\/wp-json\/wp\/v2\/pages\/1997\/revisions"}],"wp:attachment":[{"href":"https:\/\/mbrsolution.com\/es\/wp-json\/wp\/v2\/media?parent=1997"}],"curies":[{"name":"wp","href":"https:\/\/api.w.org\/{rel}","templated":true}]}}