{"id":1881,"date":"2017-07-03T11:45:30","date_gmt":"2017-07-03T01:45:30","guid":{"rendered":"http:\/\/mbrsolution.com\/es\/?page_id=1881"},"modified":"2019-10-13T10:18:42","modified_gmt":"2019-10-13T00:18:42","slug":"trucos-y-consejos-para-tu-ordenador","status":"publish","type":"page","link":"https:\/\/mbrsolution.com\/es\/trucos-y-consejos-para-tu-ordenador\/","title":{"rendered":"Trucos y consejos para tu ordenador"},"content":{"rendered":"<p>La siguiente p\u00e1gina trucos y consejos para tu ordenador te ense\u00f1an t\u00e9cnicas para mejorar tu ordenador, port\u00e1til en Windows 10 y mucho m\u00e1s.<\/p>\n<p style=\"text-align: center;\"><em><strong>Actualizado el: 12 de octubre de 2019<\/strong><\/em><\/p>\n<p><em><strong><span style=\"color: #ff0000;\">Ultimas noticias:<\/span> He actualizado la documentaci\u00f3n.<\/strong><\/em><\/p>\n<p>A\u00f1adir\u00e9 m\u00e1s informaci\u00f3n en lo que respecta acerca de la seguridad, operaciones, copia de seguridad y mucho m\u00e1s. Especialmente sobre la versi\u00f3n de Windows 10 que sali\u00f3 en el mercado el 29 de julio de 2015.<\/p>\n<p>Esta lista se actualizar\u00e1 regularmente y crecer\u00e1 con el tiempo. As\u00ed que aseg\u00farate de volver a menudo.<\/p>\n<h2 style=\"text-align: center;\">Trucos y consejos para usar el ordenador<\/h2>\n<p><strong>Editores de im\u00e1genes:<\/strong><\/p>\n<ul>\n<li><a href=\"https:\/\/mbrsolution.com\/es\/tutorial\/paint-net-editor-de-imagenes\/\">Paint.Net editor de im\u00e1genes:<\/a>\u00a0Hace tiempo que sigo el progreso de Paint.Net. Es un editor de im\u00e1genes popular y con muchas posibilidades.<\/li>\n<\/ul>\n<p><strong>Navegadores:<\/strong><\/p>\n<ul>\n<li><a href=\"https:\/\/mbrsolution.com\/es\/seguridad\/navegadores-web\/\">Navegadores web:<\/a> Hoy en d\u00eda hay varios navegadores web en el mercado. \u00bfCu\u00e1l es el mejor navegador para usar? En los a\u00f1os que llevo trabajando como inform\u00e1tico todav\u00eda sigo usando Firefox, Google Chrome y Seamonkey.<\/li>\n<\/ul>\n<p><strong>Trucos de hardware:<\/strong><\/p>\n<ul>\n<li><a href=\"https:\/\/mbrsolution.com\/es\/hardware\/convertir-fat32-en-ntfs-disco-duro-externo\/\">Convertir FAT32 En NTFS Disco Duro Externo:<\/a> Etas instrucciones te ayudaran a convertir un disco duro externo de un sistema de archivos <em><strong>FAT32\u00a0<\/strong><\/em>a un sistema de archivos\u00a0<em><strong>NTFS<\/strong><\/em>. Estas instrucciones son para sistemas que usan <em><strong>Windows XP, 2000, Vista, 7,\u00a0<\/strong><\/em><em><strong>8.1 y 10<\/strong><\/em>.<\/li>\n<\/ul>\n<p><span class=\"notranslate\">De vez en cuando a\u00f1ado m\u00e1s informaci\u00f3n y tutoriales. A<\/span><span class=\"notranslate\">seg\u00farate de marcar esta p\u00e1gina en tu navegador para volver.<\/span><\/p>\n<p><span class=\"notranslate\">Si tienes alguna pregunta, m\u00e1ndame un correo electr\u00f3nico.<\/span><\/p>\n<p><span class=\"notranslate\">Disfruta.<\/span><\/p>\n","protected":false},"excerpt":{"rendered":"<p>La siguiente p\u00e1gina trucos y consejos para tu ordenador te ense\u00f1an t\u00e9cnicas para mejorar tu ordenador, port\u00e1til en Windows 10 y mucho m\u00e1s. Actualizado el: 12 de octubre de 2019 Ultimas noticias: He actualizado la documentaci\u00f3n. A\u00f1adir\u00e9 m\u00e1s informaci\u00f3n en lo que respecta acerca de la seguridad, operaciones, copia de seguridad y mucho m\u00e1s. Especialmente <a href='https:\/\/mbrsolution.com\/es\/trucos-y-consejos-para-tu-ordenador\/' class='excerpt-more'>[&#8230;]<\/a><\/p>\n","protected":false},"author":8,"featured_media":0,"parent":0,"menu_order":0,"comment_status":"closed","ping_status":"closed","template":"","meta":{"footnotes":""},"class_list":["post-1881","page","type-page","status-publish","hentry","post-seq-1","post-parity-odd","meta-position-corners","fix"],"_links":{"self":[{"href":"https:\/\/mbrsolution.com\/es\/wp-json\/wp\/v2\/pages\/1881","targetHints":{"allow":["GET"]}}],"collection":[{"href":"https:\/\/mbrsolution.com\/es\/wp-json\/wp\/v2\/pages"}],"about":[{"href":"https:\/\/mbrsolution.com\/es\/wp-json\/wp\/v2\/types\/page"}],"author":[{"embeddable":true,"href":"https:\/\/mbrsolution.com\/es\/wp-json\/wp\/v2\/users\/8"}],"replies":[{"embeddable":true,"href":"https:\/\/mbrsolution.com\/es\/wp-json\/wp\/v2\/comments?post=1881"}],"version-history":[{"count":0,"href":"https:\/\/mbrsolution.com\/es\/wp-json\/wp\/v2\/pages\/1881\/revisions"}],"wp:attachment":[{"href":"https:\/\/mbrsolution.com\/es\/wp-json\/wp\/v2\/media?parent=1881"}],"curies":[{"name":"wp","href":"https:\/\/api.w.org\/{rel}","templated":true}]}}