{"id":1710,"date":"2016-03-14T18:08:16","date_gmt":"2016-03-14T08:08:16","guid":{"rendered":"http:\/\/mbrsolution.com\/es\/?page_id=1710"},"modified":"2023-10-18T13:32:07","modified_gmt":"2023-10-18T03:32:07","slug":"wordpress-plugin-formulario-de-contacto-fscf","status":"publish","type":"page","link":"https:\/\/mbrsolution.com\/es\/wordpress-plugin-formulario-de-contacto-fscf\/","title":{"rendered":"WordPress Plugin Formulario De Contacto FSCF"},"content":{"rendered":"<p>Esta pagina comenta sobre WordPress Plugin Formulario De Contacto FSCF. Contiene una lista de tutoriales \u00abMaterias\u00bb, e informaci\u00f3n y mucho mas.<\/p>\n<p style=\"text-align: center;\"><span style=\"text-decoration: underline;\"><strong>Actualizado el: 25 de septiembre, 2017<\/strong><\/span><\/p>\n<p>Todo dise\u00f1ador web sabe que hay que agregar un formulario de contacto a un sitio web. Esto es algo que hoy en d\u00eda es imprescindible. As\u00ed lograras que los visitantes o clientes logren ponerse en contacto.<\/p>\n<p><em><strong>FSCF \u00abFast Secure Contact Form\u00bb<\/strong><\/em> es un plugin de WordPress que tiene una capacidad impresionante. Contiene muchas opciones para poder configurar, agregar seguridad, flexibilidad y mucho mas. Si es un formulario que buscas, aqu\u00ed tienes FSCF.<\/p>\n<p><img loading=\"lazy\" decoding=\"async\" class=\"aligncenter wp-image-1711 size-full\" title=\"WordPress-plugin-formulario-de-contacto-fscf\" src=\"https:\/\/mbrsolution.com\/es\/wp-content\/uploads\/2016\/03\/WordPress-plugin-formulario-de-contacto-fscf.jpg\" alt=\"WordPress-plugin-formulario-de-contacto-fscf\" width=\"448\" height=\"145\" srcset=\"https:\/\/mbrsolution.com\/es\/wp-content\/uploads\/2016\/03\/WordPress-plugin-formulario-de-contacto-fscf.jpg 448w, https:\/\/mbrsolution.com\/es\/wp-content\/uploads\/2016\/03\/WordPress-plugin-formulario-de-contacto-fscf-300x97.jpg 300w\" sizes=\"(max-width: 448px) 100vw, 448px\" \/><\/p>\n<p>A continuaci\u00f3n veras una lista de Tutoriales para ayudarte a configurar y editar los formularios creados con FSCF.<\/p>\n<p>Esta lista crecer\u00e1 con el tiempo.<\/p>\n<h2 style=\"text-align: center;\">WordPress Plugin Formulario De Contacto FSCF<\/h2>\n<p>Los tutoriales ser\u00e1n actualizados cada vez que se agregue algo nuevo en la \u00faltima versi\u00f3n del plugin. Si no se agrega nada nuevo, entonces no habr\u00e1 ning\u00fan cambio s\u00f3lo se actualizar\u00e1 el registro de cambios.<\/p>\n<p><strong>Tutor\u00edas De Fast Secure Contact Form:<\/strong><\/p>\n<ol>\n<li><a href=\"https:\/\/mbrsolution.com\/es\/tutorial\/tutorial-de-fast-secure-contact-form-plugin\/\">Tutorial<\/a><\/li>\n<li><a href=\"https:\/\/mbrsolution.com\/es\/tutorial\/campos-de-fast-secure-contact-form-plugin\/\">Campos<\/a><\/li>\n<li><a href=\"https:\/\/mbrsolution.com\/es\/wordpress\/estilos-de-fast-secure-contact-form-plugin\/\">Estilos<\/a><\/li>\n<li><a href=\"https:\/\/mbrsolution.com\/es\/tutorial\/etiquetas-de-fast-secure-contact-form-plugin\/\">Etiquetas<\/a><\/li>\n<li><a href=\"https:\/\/mbrsolution.com\/es\/tutorial\/seguridad-de-fast-secure-contact-form-plugin\/\">Seguridad<\/a><\/li>\n<li><a href=\"https:\/\/mbrsolution.com\/es\/tutorial\/avanzado-de-fast-secure-contact-form-plugin\/\">Avanzado<\/a><\/li>\n<li><a href=\"https:\/\/mbrsolution.com\/es\/wordpress\/configuracion-programacion-fast-secure-contact-form\/\">Configuraci\u00f3n de programaci\u00f3n<\/a><\/li>\n<li><a href=\"https:\/\/mbrsolution.com\/es\/tutorial\/herramientas-de-fast-secure-contact-form-plugin\/\">Herramientas<\/a><\/li>\n<li><a href=\"https:\/\/mbrsolution.com\/es\/tutorial\/como-centrar-el-formulario-de-contacto-fscf\/\">Como Centrar El Formulario De Contacto FSCF<\/a><\/li>\n<li><a href=\"https:\/\/mbrsolution.com\/es\/wordpress\/agregar-campos-fast-secure-contact-form-plugin\/\">Como Agregar Campos Fast Secure Contact Form Plugin<\/a><\/li>\n<li><a href=\"https:\/\/mbrsolution.com\/es\/wordpress\/agregar-etiqueta-paises-fast-secure-contact-form\/\">Agregar Etiqueta De Pa\u00edses A Fast Secure Contact Form<\/a><\/li>\n<li><a href=\"https:\/\/mbrsolution.com\/es\/wordpress\/crear-formulario-contacto-dos-columnas\/\">Crear Formulario De Contacto De Dos Columnas<\/a><\/li>\n<li><a href=\"https:\/\/mbrsolution.com\/es\/wordpress\/ajuste-casilla-verificacion-campo-seleccionado-por-defecto-fscf\/\">Ajuste De Casilla De Verificaci\u00f3n Campo Seleccionado Por Defecto FSCF<\/a><\/li>\n<\/ol>\n<p><span style=\"color: #ff0000;\"><b><i>Informaci\u00f3n<\/i><\/b><\/span><em><strong><span style=\"color: #ff0000;\">:<\/span> Casi todas las entradas, campos \u00a0tienen un enlace de ayuda.<\/strong><\/em><\/p>\n<p>Espero que los tutoriales de arriba te ayuden.<\/p>\n","protected":false},"excerpt":{"rendered":"<p>Esta pagina comenta sobre WordPress Plugin Formulario De Contacto FSCF. Contiene una lista de tutoriales \u00abMaterias\u00bb, e informaci\u00f3n y mucho mas. Actualizado el: 25 de septiembre, 2017 Todo dise\u00f1ador web sabe que hay que agregar un formulario de contacto a un sitio web. Esto es algo que hoy en d\u00eda es imprescindible. As\u00ed lograras que <a href='https:\/\/mbrsolution.com\/es\/wordpress-plugin-formulario-de-contacto-fscf\/' class='excerpt-more'>[&#8230;]<\/a><\/p>\n","protected":false},"author":8,"featured_media":0,"parent":0,"menu_order":0,"comment_status":"closed","ping_status":"closed","template":"","meta":{"footnotes":""},"class_list":["post-1710","page","type-page","status-publish","hentry","post-seq-1","post-parity-odd","meta-position-corners","fix"],"_links":{"self":[{"href":"https:\/\/mbrsolution.com\/es\/wp-json\/wp\/v2\/pages\/1710","targetHints":{"allow":["GET"]}}],"collection":[{"href":"https:\/\/mbrsolution.com\/es\/wp-json\/wp\/v2\/pages"}],"about":[{"href":"https:\/\/mbrsolution.com\/es\/wp-json\/wp\/v2\/types\/page"}],"author":[{"embeddable":true,"href":"https:\/\/mbrsolution.com\/es\/wp-json\/wp\/v2\/users\/8"}],"replies":[{"embeddable":true,"href":"https:\/\/mbrsolution.com\/es\/wp-json\/wp\/v2\/comments?post=1710"}],"version-history":[{"count":0,"href":"https:\/\/mbrsolution.com\/es\/wp-json\/wp\/v2\/pages\/1710\/revisions"}],"wp:attachment":[{"href":"https:\/\/mbrsolution.com\/es\/wp-json\/wp\/v2\/media?parent=1710"}],"curies":[{"name":"wp","href":"https:\/\/api.w.org\/{rel}","templated":true}]}}