{"id":1580,"date":"2015-07-15T13:16:25","date_gmt":"2015-07-15T03:16:25","guid":{"rendered":"http:\/\/mbrsolution.com\/es\/?page_id=1580"},"modified":"2019-12-24T10:10:55","modified_gmt":"2019-12-24T00:10:55","slug":"mbrsolution-reparaciones-ordenadores-desarrollador-web","status":"publish","type":"page","link":"https:\/\/mbrsolution.com\/es\/","title":{"rendered":"Mbrsolution reparaciones de ordenadores y desarrollador web"},"content":{"rendered":"<p>Mbrsolution es una peque\u00f1a empresa de reparaciones de ordenadores, port\u00e1tiles y desarrolladora de sitios de WordPress.<\/p>\n<p style=\"text-align: center;\"><span style=\"text-decoration: underline;\"><em><strong>Actualizado el: 24 de diciembre de 2019<\/strong><\/em><\/span><\/p>\n<h2 style=\"text-align: center;\">Mbrsolution reparaciones de ordenadores y desarrollador web<\/h2>\n<p>Env\u00eda un correo electr\u00f3nico si necesitas ayuda para reparar tu ordenador en Brisbane. Me especializo en reparaciones de equipos de redes, problemas de software, actualizaciones de hardware, limpio los sistemas de virus, spam, troyanos etc,\u00a0 hago copias de seguridad, mejoro la seguridad y ense\u00f1o a manejar tu sistema de Windows. Tambi\u00e9n ense\u00f1o como desarrollar p\u00e1ginas web usando WordPress.<\/p>\n<h3 style=\"text-align: center;\">Mbrsolution servicios en Brisbane<\/h3>\n<p>Si est\u00e1s cansado y frustrado con la lentitud de tu sistema, aprovecha mis tarifas econ\u00f3micas y m\u00e1ndame un correo electr\u00f3nico. Doy descuento a los pensionistas y estudiantes.<\/p>\n<p>Para el servicio de inform\u00e1tica, si necesitas una evaluaci\u00f3n o informaci\u00f3n env\u00eda un correo electr\u00f3nico. Haz clic en el siguiente enlace\u00a0<a href=\"https:\/\/mbrsolution.com\/es\/reparaciones-de-ordenadores-en-brisbane\/\" target=\"_blank\" rel=\"noopener noreferrer\">Reparaciones de ordenadores en Brisbane<\/a>\u00a0para conocer los precios.<\/p>\n<p>Antes de comenzar el trabajo, hare un asesoramiento de tu sistema y proporcionare una soluci\u00f3n basado en lo que encuentre.<\/p>\n<h3 style=\"text-align: center;\">Dise\u00f1os web y SEO<\/h3>\n<p>Dise\u00f1o sitios WordPress. WordPress es una de las plataformas de CMS m\u00e1s usadas en el mercado. Por una tarifa mensual y econ\u00f3mica puedo ayudar y mantener tu sitio.<\/p>\n<p>Tambi\u00e9n ayudo a mejorar el SEO de tu sitio. SEO, es importante para mejorar la b\u00fasqueda de tu sitio. Esto al mismo tiempo ayuda con tus ventas y servicios en l\u00ednea.<\/p>\n<p>Cuando publicas un sitio nuevo, se tarda un tiempo para conseguir una posici\u00f3n buena por Internet. Hay veces que puedes lograr una posici\u00f3n buena en menos de un mes. Pero esto no es frecuente y depende de varios factores. Existen muchos blogs y foros por internet que ofrecen buena informaci\u00f3n y t\u00e9cnicas para ayudarte a mejorar el SEO de tu sitio.. Sin embargo, no todos sois t\u00e9cnicos o ten\u00e9is tiempo para investigar o mejorar el SEO de tu sitio. Por una tarifa mensual y econ\u00f3mica, puedo ayudar a mejorar el SEO de tu sitio.<\/p>\n<h3 style=\"text-align: center;\">Suburbios donde trabajo<\/h3>\n<p>Trabajo en <em><strong>Brisbane<\/strong> <\/em>y los suburbios cercanos para los arreglos de ordenadores, port\u00e1tiles y redes que usan el sistema operativo Windows. Si vives en los siguientes suburbios <em><strong>Ipswich, Toowoomba, Gold Coast, Sushine Coast<\/strong><\/em> o pueblos cercanos puedo proporcionar un servicio a una tarifa m\u00e1s alta por la distancia.<\/p>\n<p>No publico mi n\u00famero de tel\u00e9fono por problemas de abusos de llamadas. Trabajo solo por mi cuenta. Env\u00edame un correo electr\u00f3nico para organizar una consulta.<\/p>\n<p>Gracias.<\/p>\n","protected":false},"excerpt":{"rendered":"<p>Mbrsolution es una peque\u00f1a empresa de reparaciones de ordenadores, port\u00e1tiles y desarrolladora de sitios de WordPress. Actualizado el: 24 de diciembre de 2019 Mbrsolution reparaciones de ordenadores y desarrollador web Env\u00eda un correo electr\u00f3nico si necesitas ayuda para reparar tu ordenador en Brisbane. Me especializo en reparaciones de equipos de redes, problemas de software, actualizaciones <a href='https:\/\/mbrsolution.com\/es\/' class='excerpt-more'>[&#8230;]<\/a><\/p>\n","protected":false},"author":8,"featured_media":0,"parent":0,"menu_order":0,"comment_status":"closed","ping_status":"closed","template":"","meta":{"footnotes":""},"class_list":["post-1580","page","type-page","status-publish","hentry","post-seq-1","post-parity-odd","meta-position-corners","fix"],"_links":{"self":[{"href":"https:\/\/mbrsolution.com\/es\/wp-json\/wp\/v2\/pages\/1580","targetHints":{"allow":["GET"]}}],"collection":[{"href":"https:\/\/mbrsolution.com\/es\/wp-json\/wp\/v2\/pages"}],"about":[{"href":"https:\/\/mbrsolution.com\/es\/wp-json\/wp\/v2\/types\/page"}],"author":[{"embeddable":true,"href":"https:\/\/mbrsolution.com\/es\/wp-json\/wp\/v2\/users\/8"}],"replies":[{"embeddable":true,"href":"https:\/\/mbrsolution.com\/es\/wp-json\/wp\/v2\/comments?post=1580"}],"version-history":[{"count":0,"href":"https:\/\/mbrsolution.com\/es\/wp-json\/wp\/v2\/pages\/1580\/revisions"}],"wp:attachment":[{"href":"https:\/\/mbrsolution.com\/es\/wp-json\/wp\/v2\/media?parent=1580"}],"curies":[{"name":"wp","href":"https:\/\/api.w.org\/{rel}","templated":true}]}}