{"id":1579,"date":"2015-07-15T12:43:39","date_gmt":"2015-07-15T02:43:39","guid":{"rendered":"http:\/\/mbrsolution.com\/es\/?page_id=1579"},"modified":"2019-12-24T10:26:57","modified_gmt":"2019-12-24T00:26:57","slug":"reparaciones-de-ordenadores-en-brisbane","status":"publish","type":"page","link":"https:\/\/mbrsolution.com\/es\/reparaciones-de-ordenadores-en-brisbane\/","title":{"rendered":"Reparaciones de ordenadores en Brisbane"},"content":{"rendered":"<p>Reparaciones de ordenadores en Brisbane ofrece ayudarte con tus problemas inform\u00e1ticos \u00abS\u00f3lo trabajo con el sistema operativo de Windows\u00bb.<\/p>\n<p style=\"text-align: center;\"><span style=\"text-decoration: underline;\"><em><strong>Actualizado el: 24 de diciembre de 2019<\/strong><\/em><\/span><\/p>\n<p>Si necesitas una evaluaci\u00f3n y recomendaci\u00f3n aqu\u00ed estoy para servirte.\u00a0Lee a continuaci\u00f3n para conocer m\u00e1s acerca de mis servicios y tarifas.<\/p>\n<h2 style=\"text-align: center;\">Reparaciones de ordenadores en Brisbane<\/h2>\n<p>Sitio que cubro en <em><strong>Brisbane<\/strong><\/em> =\u00a0<em><strong>Logan, Corinda, Yeronga<\/strong><\/em> etc.<\/p>\n<p>Para los suburbios de\u00a0<em><strong>Ipswich, Caboolture, Gold Coast, Sunshine Coast, Toowoomba<\/strong><\/em> y pueblos de los alrededores ofrezco servicios de soporte a una tarifa m\u00e1s alta.<\/p>\n<p><strong>Mis servicios:<\/strong><\/p>\n<p><em><strong>Solo trabajo con el sistema operativo Windows<\/strong><\/em><\/p>\n<ol>\n<li>Actualizaci\u00f3n del equipo y reparaciones<\/li>\n<li>Configuraci\u00f3n de la red y solucionar problemas<\/li>\n<li>Configurar y asegurar el sistema<\/li>\n<li>Recuperaci\u00f3n de datos perdidos <span style=\"color: #ff0000;\"><em><b style=\"color: #ff0000;\">(esto <\/b><span style=\"color: #ff0000;\"><b>depender\u00e1<\/b><\/span><b style=\"color: #ff0000;\"> si el disco duro no esta da\u00f1ado y\/ o los archivos no est\u00e1n da\u00f1ados o corruptos.)<\/b><\/em><\/span><\/li>\n<li>Lecciones en c\u00f3mo crear copias de seguridad<\/li>\n<li>Lecciones en c\u00f3mo manejar el sistema<\/li>\n<li>Lecciones en c\u00f3mo instalar y configurar WordPress<\/li>\n<li>Promocionar SEO para tu web<\/li>\n<li>Dise\u00f1os web usando WordPress<\/li>\n<\/ol>\n<h3 style=\"text-align: center;\">Reparaciones y actualizaciones de ordenadores y la red<\/h3>\n<p><strong><span style=\"text-decoration: underline;\">Tarifa de llamada<\/span><\/strong> =\u00a0Sin cargos por llamadas si vives dentro de un radio de 5 kil\u00f3metros desde mi base de trabajo. Si vives m\u00e1s all\u00e1 de <span style=\"color: #000080;\"><em><strong>5 kil\u00f3metros<\/strong><\/em><\/span> de radio, cobrare una tarifa de <span style=\"color: #000080;\"><em><strong>AU $25<\/strong><\/em><\/span>.<\/p>\n<p><strong>En el sitio:<\/strong><\/p>\n<ul>\n<li><span style=\"color: #000080;\"><em><strong>Negocio = AU $85<\/strong><\/em><\/span> por hora para las empresas.<\/li>\n<li><span style=\"color: #000080;\"><em><strong>Domicilio\/ Negocio en domicilio = $65<\/strong><\/em><\/span> por la primera hora y <span style=\"color: #000080;\"><em><strong>$55<\/strong><\/em><\/span> por las horas restantes.<\/li>\n<li><span style=\"color: #000080;\"><em><strong>Descuento de soporte en casa para los pensionistas y estudiantes.<\/strong><\/em><\/span><\/li>\n<\/ul>\n<p><span style=\"color: #ff0000;\"><em><strong>El m\u00ednimo coste es de 1 hora aunque la reparaci\u00f3n lleve menos de una hora.<\/strong><\/em><\/span><\/p>\n<p style=\"text-align: center;\">================================<\/p>\n<p><b>Soporte por tel\u00e9fono:<\/b><\/p>\n<ul>\n<li><span style=\"color: #000080;\"><em><strong>AU $10<\/strong><\/em><\/span> por cada bloque de 15 minutos.<\/li>\n<\/ul>\n<p>Para una consulta o si necesitas hacerme alguna pregunta, haz clic en el siguiente enlace <a href=\"https:\/\/mbrsolution.com\/es\/contactarme\/\">contactarme<\/a>.<\/p>\n<p>Saludos.<\/p>\n","protected":false},"excerpt":{"rendered":"<p>Reparaciones de ordenadores en Brisbane ofrece ayudarte con tus problemas inform\u00e1ticos \u00abS\u00f3lo trabajo con el sistema operativo de Windows\u00bb. Actualizado el: 24 de diciembre de 2019 Si necesitas una evaluaci\u00f3n y recomendaci\u00f3n aqu\u00ed estoy para servirte.\u00a0Lee a continuaci\u00f3n para conocer m\u00e1s acerca de mis servicios y tarifas. Reparaciones de ordenadores en Brisbane Sitio que cubro <a href='https:\/\/mbrsolution.com\/es\/reparaciones-de-ordenadores-en-brisbane\/' class='excerpt-more'>[&#8230;]<\/a><\/p>\n","protected":false},"author":8,"featured_media":0,"parent":0,"menu_order":0,"comment_status":"closed","ping_status":"closed","template":"","meta":{"footnotes":""},"class_list":["post-1579","page","type-page","status-publish","hentry","post-seq-1","post-parity-odd","meta-position-corners","fix"],"_links":{"self":[{"href":"https:\/\/mbrsolution.com\/es\/wp-json\/wp\/v2\/pages\/1579","targetHints":{"allow":["GET"]}}],"collection":[{"href":"https:\/\/mbrsolution.com\/es\/wp-json\/wp\/v2\/pages"}],"about":[{"href":"https:\/\/mbrsolution.com\/es\/wp-json\/wp\/v2\/types\/page"}],"author":[{"embeddable":true,"href":"https:\/\/mbrsolution.com\/es\/wp-json\/wp\/v2\/users\/8"}],"replies":[{"embeddable":true,"href":"https:\/\/mbrsolution.com\/es\/wp-json\/wp\/v2\/comments?post=1579"}],"version-history":[{"count":0,"href":"https:\/\/mbrsolution.com\/es\/wp-json\/wp\/v2\/pages\/1579\/revisions"}],"wp:attachment":[{"href":"https:\/\/mbrsolution.com\/es\/wp-json\/wp\/v2\/media?parent=1579"}],"curies":[{"name":"wp","href":"https:\/\/api.w.org\/{rel}","templated":true}]}}