{"id":1270,"date":"2014-04-30T12:16:07","date_gmt":"2014-04-30T02:16:07","guid":{"rendered":"http:\/\/mbrsolution.com\/es\/?page_id=1270"},"modified":"2024-10-24T20:14:35","modified_gmt":"2024-10-24T10:14:35","slug":"cursos-de-suffusion","status":"publish","type":"page","link":"https:\/\/mbrsolution.com\/es\/cursos-de-suffusion\/","title":{"rendered":"Cursos de Suffusion"},"content":{"rendered":"<p>Cursos de Suffusion representa una lista de varios tutoriales creados para ayudarte a configurar este tema gratis y con inmensas variaciones.<\/p>\n<p style=\"text-align: center;\"><span style=\"text-decoration: underline;\"><em><strong>Actualizado El: 24 de octubre de 2024<\/strong><\/em><\/span><\/p>\n<p><em><strong><span style=\"color: #ff0000;\">Ultimas Noticias:<\/span> Actualizado el documento.<\/strong><\/em><\/p>\n<p>Suffusion es uno de los mejores temas gratis con un formato de marco incluido hoy en d\u00eda en el mercado. Sayontan Sinha el autor de este gran tema ha dejado de actualizar el tema. La buena noticia es que Suffusion cuenta actualmente con el respaldo de los siguientes desarrolladores. He a\u00f1adido sus nombres y un enlace a su sitio o github. Esto es para que sep\u00e1is qui\u00e9nes son y quiz\u00e1s os gustar\u00eda escribirles unas palabras.<\/p>\n<p><strong>Personal de infusi\u00f3n y apoyo:<\/strong><\/p>\n<ul>\n<li><a href=\"https:\/\/www.drafie-design.nl\/\" target=\"_blank\" rel=\"noopener noreferrer\">Drake<\/a><\/li>\n<li><a href=\"https:\/\/le-fever.org\/\" target=\"_blank\" rel=\"noopener noreferrer\">Colin<\/a><\/li>\n<li><a href=\"https:\/\/wppa.nl\/about\/\" target=\"_blank\" rel=\"noopener noreferrer\">Opa Jaap<\/a><\/li>\n<li><a href=\"https:\/\/github.com\/sayontan\/suffusion\/commits?author=marcissimus\" target=\"_blank\" rel=\"noopener\">marcissimus (<\/a><a class=\"Link--primary no-underline flex-self-center\" href=\"https:\/\/github.com\/marcissimus\"><span class=\"color-fg-muted\">Marc Bernard<\/span><\/a>)<\/li>\n<li>Todos los problemas y preguntas deben realizarse en <a href=\"https:\/\/github.com\/sayontan\/suffusion\/issues\" target=\"_blank\" rel=\"noopener\">github<\/a>.<\/li>\n<\/ul>\n<h2 style=\"text-align: center;\">Cursos de Suffusion<\/h2>\n<p style=\"text-align: center;\"><strong>Noticias<\/strong><\/p>\n<p>La <span style=\"color: #000080;\"><em><strong>ultima versi\u00f3n 4.6.6<\/strong><\/em><\/span>\u00a0se puede descargar desde el siguiente enlace <a title=\"WordPress Theme Suffusion\" href=\"https:\/\/github.com\/sayontan\/suffusion\/tree\/master\/dist\" target=\"_blank\" rel=\"noopener noreferrer\"> tema Suffusion de WordPress<\/a>.<\/p>\n<p><span style=\"color: #000080;\"><em><strong>Suffusion 4.6.6<\/strong><\/em><\/span>\u00a0es compatible con <span style=\"color: #000080;\"><em><strong>WordPress 6.6.2<\/strong><\/em><\/span> y tambi\u00e9n con <span style=\"color: #000080;\"><em><strong>WordPress 6.7 Beta<\/strong><\/em><\/span>.<\/p>\n<p><strong>Lista de tutoriales de Suffusion:<\/strong><\/p>\n<ol>\n<li><a title=\"mbrsolution es desarrollo-web tema-de-wordpress-suffusion\" href=\"https:\/\/mbrsolution.com\/es\/wordpress\/tema-de-wordpress-suffusion\/\">Tema Suffusion de WordPress<\/a><\/li>\n<li><a title=\"mbrsolution es tutorial traducir-el-tema-suffusion-en-espanol\" href=\"https:\/\/mbrsolution.com\/es\/wordpress\/traducir-el-tema-suffusion-en-espanol\/\">Traducir-el tema Suffusion en Espa\u00f1ol<\/a><\/li>\n<li><a title=\"mbrsolution es tutorial estructura-del-tema-suffusion\" href=\"https:\/\/mbrsolution.com\/es\/tutorial\/estructura-del-tema-suffusion\/\">Estructura del tema Suffusion<\/a><\/li>\n<li><span style=\"line-height: 13px;\"><a title=\"mbrsolution es tutorial crear-un-tema-hijo-de-suffusion\" href=\"https:\/\/mbrsolution.com\/es\/wordpress\/crear-tema-hijo-suffusion\/\">Crear un tema hijo de Suffusion<\/a><\/span><\/li>\n<li><a title=\"Presentaci\u00f3n de Diapositivas En Suffusion\" href=\"https:\/\/mbrsolution.com\/es\/tutorial\/presentacion-de-diapositivas-en-suffusion\/\" rel=\"bookmark\">Presentaci\u00f3n de diapositivas en Suffusion<\/a><\/li>\n<li><a title=\"mbrsolution es tutorial crear-menu-cabecera-tema-suffusion\" href=\"https:\/\/mbrsolution.com\/es\/tutorial\/crear-menu-cabecera-tema-suffusion\/\">Crear men\u00fa de cabecera del tema Suffusion<\/a><\/li>\n<li><a title=\"mbrsolution es tutorial barra-navegacion-suffusion-estilo-personalizado-cabecera\" href=\"https:\/\/mbrsolution.com\/es\/tutorial\/barra-navegacion-suffusion-estilo-personalizado-cabecera\/\">Barra de navegaci\u00f3n Suffusion estilo personalizado cabecera<\/a><\/li>\n<li><a title=\"mbrsolution es tutorial\/suffusion-configuracion-media-social-widget\" href=\"https:\/\/mbrsolution.com\/es\/tutorial\/suffusion-configuracion-media-social-widget\/\">Suffusion configuraci\u00f3n media social widget<\/a><\/li>\n<li><a title=\"mbrsolution es tutorial suffusion-media-social-widget-feedburner\" href=\"https:\/\/mbrsolution.com\/es\/tutorial\/suffusion-media-social-widget-feedburner\/\">Suffusion media social widget Feedburner<\/a><\/li>\n<\/ol>\n<p style=\"text-align: center;\">==================================<\/p>\n<p>Si tienes alguna pregunta, por favor h\u00e1zmelo saber.<\/p>\n<p>Estar\u00e9 actualizando este tutorial de vez en cuando. No olvides de visitar de nuevo.<\/p>\n<p>Disfrutar.<\/p>\n","protected":false},"excerpt":{"rendered":"<p>Cursos de Suffusion representa una lista de varios tutoriales creados para ayudarte a configurar este tema gratis y con inmensas variaciones. Actualizado El: 24 de octubre de 2024 Ultimas Noticias: Actualizado el documento. Suffusion es uno de los mejores temas gratis con un formato de marco incluido hoy en d\u00eda en el mercado. Sayontan Sinha <a href='https:\/\/mbrsolution.com\/es\/cursos-de-suffusion\/' class='excerpt-more'>[&#8230;]<\/a><\/p>\n","protected":false},"author":8,"featured_media":0,"parent":0,"menu_order":0,"comment_status":"open","ping_status":"closed","template":"","meta":{"footnotes":""},"class_list":["post-1270","page","type-page","status-publish","hentry","post-seq-1","post-parity-odd","meta-position-corners","fix"],"_links":{"self":[{"href":"https:\/\/mbrsolution.com\/es\/wp-json\/wp\/v2\/pages\/1270","targetHints":{"allow":["GET"]}}],"collection":[{"href":"https:\/\/mbrsolution.com\/es\/wp-json\/wp\/v2\/pages"}],"about":[{"href":"https:\/\/mbrsolution.com\/es\/wp-json\/wp\/v2\/types\/page"}],"author":[{"embeddable":true,"href":"https:\/\/mbrsolution.com\/es\/wp-json\/wp\/v2\/users\/8"}],"replies":[{"embeddable":true,"href":"https:\/\/mbrsolution.com\/es\/wp-json\/wp\/v2\/comments?post=1270"}],"version-history":[{"count":0,"href":"https:\/\/mbrsolution.com\/es\/wp-json\/wp\/v2\/pages\/1270\/revisions"}],"wp:attachment":[{"href":"https:\/\/mbrsolution.com\/es\/wp-json\/wp\/v2\/media?parent=1270"}],"curies":[{"name":"wp","href":"https:\/\/api.w.org\/{rel}","templated":true}]}}