{"id":1046,"date":"2012-11-07T09:30:36","date_gmt":"2012-11-06T23:30:36","guid":{"rendered":"http:\/\/mbrsolution.com\/es\/?page_id=1046"},"modified":"2026-04-08T11:31:23","modified_gmt":"2026-04-08T01:31:23","slug":"informacion-de-wordpress","status":"publish","type":"page","link":"https:\/\/mbrsolution.com\/es\/informacion-de-wordpress\/","title":{"rendered":"Informaci\u00f3n de WordPress"},"content":{"rendered":"<p>La siguiente p\u00e1gina Informaci\u00f3n de WordPress te proporciona informaci\u00f3n acerca de, c\u00f3mo configurar, restaurar, reparar WordPress y mucho m\u00e1s.<\/p>\n<p style=\"text-align: center;\"><span style=\"text-decoration: underline;\"><em><strong>Actualizado el: 8 de abril de 2026<\/strong><\/em><\/span><\/p>\n<p><span style=\"color: #ff0000;\"><b><i>\u00daltimas<\/i><\/b><\/span><em><strong><span style=\"color: #ff0000;\">\u00a0noticias:<\/span> Actualizada la documentaci\u00f3n.<\/strong><\/em><\/p>\n<p><img loading=\"lazy\" decoding=\"async\" class=\"aligncenter wp-image-1559 size-full\" title=\"wordpress-spanish\" src=\"https:\/\/mbrsolution.com\/es\/wp-content\/uploads\/2012\/11\/wordpress-spanish.png\" alt=\"wordpress-spanish\" width=\"640\" height=\"252\" srcset=\"https:\/\/mbrsolution.com\/es\/wp-content\/uploads\/2012\/11\/wordpress-spanish.png 640w, https:\/\/mbrsolution.com\/es\/wp-content\/uploads\/2012\/11\/wordpress-spanish-300x118.png 300w\" sizes=\"(max-width: 640px) 100vw, 640px\" \/><\/p>\n<p>La informaci\u00f3n a continuaci\u00f3n te muestra una lista de enlaces que te ayudar\u00e1n a dise\u00f1ar, desarrollar tu blog de WordPress y mucho m\u00e1s.\u00a0 Esta lista crecer\u00e1 con el tiempo.<\/p>\n<p>Haz clic en el siguiente enlace <a title=\"es wordpress\" href=\"https:\/\/es.wordpress.org\/\" target=\"_blank\" rel=\"noopener noreferrer\">WordPress Espa\u00f1ol<\/a> para bajar e instalar WordPress.<\/p>\n<h2 style=\"text-align: center;\">Informaci\u00f3n de WordPress<\/h2>\n<p><strong>Blogging:<\/strong><\/p>\n<ul>\n<li><a href=\"https:\/\/mbrsolution.com\/es\/como-crear-un-blog-en-wordpress\/\">Como crear un blog en WordPress<\/a><\/li>\n<\/ul>\n<p><b>Tutoriales <\/b><strong>de plugins:<\/strong><\/p>\n<ul>\n<li><a href=\"https:\/\/mbrsolution.com\/es\/wordpress-plugin-formulario-de-contacto-fscf\/\">WordPress plugin formulario de contacto FSCF<\/a><\/li>\n<li class=\"page_item page-item-1911\"><a href=\"https:\/\/mbrsolution.com\/es\/wordpress\/wp-simple-membership-plugin-para-miembros\/\">WP simple membership plugin<\/a><\/li>\n<li><a href=\"https:\/\/mbrsolution.com\/es\/wordpress\/descargas-de-simple-download-monitor-plugin\/\">Simple download monitor plugin<\/a><\/li>\n<li><a href=\"https:\/\/mbrsolution.com\/es\/wordpress\/el-plugin-wp-simple-shopping-cart\/\">Simple shopping cart<\/a><\/li>\n<li><a href=\"https:\/\/mbrsolution.com\/es\/wordpress\/ajustes-del-plugin-easy-wp-smtp\/\">Easy WP SMTP<\/a><\/li>\n<li><a href=\"https:\/\/mbrsolution.com\/es\/wordpress\/el-plugin-all-in-one-wp-security-and-firewall\/\">All in one wp security and firewall<\/a><\/li>\n<li><a href=\"https:\/\/mbrsolution.com\/es\/wordpress\/wp-plugin-stripe-payments\/\">WP Stripe Payments<\/a><\/li>\n<li><a href=\"https:\/\/mbrsolution.com\/es\/wordpress\/plugin-wp-express-checkout\/\">WP Express Checkout<\/a><\/li>\n<li><a href=\"https:\/\/mbrsolution.com\/es\/wordpress\/ajustes-de-wordpress-affiliates-manager\/\">WP Affiliates Manager<\/a><\/li>\n<li><a href=\"https:\/\/mbrsolution.com\/es\/wordpress\/plugin-paypal-donations-de-wp\/\">PayPal Donations de WP<\/a><\/li>\n<\/ul>\n<p><strong>Configurar WordPress:<\/strong><\/p>\n<ul>\n<li><a title=\"como traducir wordpress en otro idioma\" href=\"https:\/\/mbrsolution.com\/es\/blogs\/como-traducir-wordpress-blog-en-otro-idioma\/\">Como traducir WordPress en otro idioma<\/a><\/li>\n<li><a title=\"ultima version de wordpress\" href=\"https:\/\/mbrsolution.com\/es\/wordpress\/ultima-version-de-wordpress\/\">Ultima versi\u00f3n de WordPress<\/a><\/li>\n<li><a title=\"mbrsolution es tutorial wordpress-ultimos-cambios-para-editar-imagenes\" href=\"https:\/\/mbrsolution.com\/es\/tutorial\/wordpress-ultimos-cambios-para-editar-imagenes\/\">\u00daltimos cambios de WP para editar im\u00e1genes<\/a><\/li>\n<li><a href=\"https:\/\/mbrsolution.com\/es\/wordpress\/configuracion-de-los-comentarios-de-wordpress\/\">Configuraci\u00f3n de los comentarios de WordPress<\/a><\/li>\n<li><a href=\"https:\/\/mbrsolution.com\/es\/wordpress\/como-instalar-plugins-de-wordpress\/\">C\u00f3mo instalar plugins de WordPress<\/a><\/li>\n<li><a href=\"https:\/\/mbrsolution.com\/es\/wordpress\/instalar-tema-wordpress\/\">C\u00f3mo instalar el tema de WordPress<\/a><\/li>\n<li><a href=\"https:\/\/mbrsolution.com\/es\/wordpress\/como-crear-un-menu-de-wordpress\/\">C\u00f3mo crear un men\u00fa de WordPress<\/a><\/li>\n<\/ul>\n<p><strong>Instalar WordPress Local:<\/strong><\/p>\n<ul>\n<li><span class=\"notranslate\"><a href=\"https:\/\/mbrsolution.com\/es\/xampp\/instala-wordpress-local-usando-xampp\/\">Instalar WordPress local usando xampp<\/a><\/span><\/li>\n<\/ul>\n<p><strong>Plugins:<\/strong><\/p>\n<ul>\n<li><a href=\"https:\/\/mbrsolution.com\/es\/wordpress\/los-mejores-plugins-para-wordpress\/\">Los mejores plugins para WordPress<\/a><\/li>\n<\/ul>\n<p><strong>\u00a0Seguridad de WordPress:<\/strong><\/p>\n<ul>\n<li><a title=\"como crear una copia de seguridad wordpress\" href=\"https:\/\/mbrsolution.com\/es\/wordpress\/crear-una-copia-de-seguridad-wordpress-usando-backwpup\/\">Como crear una copia de seguridad<\/a><\/li>\n<li><a title=\"seguridad como-crear-un-blog-de-wordpress-privado\" href=\"https:\/\/mbrsolution.com\/es\/seguridad\/como-crear-un-blog-de-wordpress-privado\/\">Como crear un blog de WordPress privado<\/a><\/li>\n<\/ul>\n<p><strong>Mejorar WordPress:<\/strong><\/p>\n<ul>\n<li><a title=\"wordpress vinculos rotos\" href=\"https:\/\/mbrsolution.com\/es\/wordpress\/arreglar-vinculos-rotos-de-wordpress\/\">Arreglar v\u00ednculos rotos de WordPress<\/a><\/li>\n<li><a title=\"no se puede iniciar una sesion en wordpress\" href=\"https:\/\/mbrsolution.com\/es\/wordpress\/no-se-puede-iniciar-una-sesion-en-wordpress\/\">No se puede iniciar una sesi\u00f3n en WordPress<\/a><\/li>\n<li><a title=\"como recuperar wordpress \" href=\"https:\/\/mbrsolution.com\/es\/blogs\/como-recuperar-wordpress-blog\/\">Como recuperar WordPress<\/a><\/li>\n<li><a title=\"eliminacion de revisiones de wordpress\" href=\"https:\/\/mbrsolution.com\/es\/blogs\/eliminacion-de-revisiones-de-wordpress\/\">Eliminaci\u00f3n de revisiones de WordPress<\/a><\/li>\n<\/ul>\n<p><strong>Temas:<\/strong><\/p>\n<ul>\n<li><a title=\"tema de wordpress suffusion\" href=\"https:\/\/mbrsolution.com\/es\/wordpress\/tema-de-wordpress-suffusion\/\">Tema de WordPress Suffusion<\/a><\/li>\n<li><a href=\"https:\/\/mbrsolution.com\/es\/tema\/temas-profesionales-de-wordpress-por-appthemes\/\">Temas profesionales de WordPress por appthemes<\/a><\/li>\n<\/ul>\n<p><strong>Traducir Plugins o Temas:<\/strong><\/p>\n<ul>\n<li><a href=\"https:\/\/mbrsolution.com\/es\/wordpress\/como-traducir-plugins-o-temas-de-wordpress-utilizando-poedit\/\">Como traducir plugins o temas de WordPress utilizando poedit<\/a><\/li>\n<\/ul>\n<p>Esta lista se actualizar\u00e1 de vez en cuando. Si tienes alguna sugerencia o pregunta h\u00e1zmelo saber.<\/p>\n<p>Disfrutar.<\/p>\n","protected":false},"excerpt":{"rendered":"<p>La siguiente p\u00e1gina Informaci\u00f3n de WordPress te proporciona informaci\u00f3n acerca de, c\u00f3mo configurar, restaurar, reparar WordPress y mucho m\u00e1s. Actualizado el: 8 de abril de 2026 \u00daltimas\u00a0noticias: Actualizada la documentaci\u00f3n. La informaci\u00f3n a continuaci\u00f3n te muestra una lista de enlaces que te ayudar\u00e1n a dise\u00f1ar, desarrollar tu blog de WordPress y mucho m\u00e1s.\u00a0 Esta lista <a href='https:\/\/mbrsolution.com\/es\/informacion-de-wordpress\/' class='excerpt-more'>[&#8230;]<\/a><\/p>\n","protected":false},"author":8,"featured_media":0,"parent":0,"menu_order":0,"comment_status":"closed","ping_status":"closed","template":"","meta":{"footnotes":""},"class_list":["post-1046","page","type-page","status-publish","hentry","post-seq-1","post-parity-odd","meta-position-corners","fix"],"_links":{"self":[{"href":"https:\/\/mbrsolution.com\/es\/wp-json\/wp\/v2\/pages\/1046","targetHints":{"allow":["GET"]}}],"collection":[{"href":"https:\/\/mbrsolution.com\/es\/wp-json\/wp\/v2\/pages"}],"about":[{"href":"https:\/\/mbrsolution.com\/es\/wp-json\/wp\/v2\/types\/page"}],"author":[{"embeddable":true,"href":"https:\/\/mbrsolution.com\/es\/wp-json\/wp\/v2\/users\/8"}],"replies":[{"embeddable":true,"href":"https:\/\/mbrsolution.com\/es\/wp-json\/wp\/v2\/comments?post=1046"}],"version-history":[{"count":0,"href":"https:\/\/mbrsolution.com\/es\/wp-json\/wp\/v2\/pages\/1046\/revisions"}],"wp:attachment":[{"href":"https:\/\/mbrsolution.com\/es\/wp-json\/wp\/v2\/media?parent=1046"}],"curies":[{"name":"wp","href":"https:\/\/api.w.org\/{rel}","templated":true}]}}